{"id":1573,"date":"2021-07-21T16:00:00","date_gmt":"2021-07-21T20:00:00","guid":{"rendered":"https:\/\/www.aclu-ky.org\/investigacion-federal-sobre-los-derechos-civiles-dentro-del-departamento-de-la-policia-de\/"},"modified":"2021-07-21T16:00:00","modified_gmt":"2021-07-21T20:00:00","slug":"investigacion-federal-sobre-los-derechos-civiles-dentro-del-departamento-de-la-policia-de","status":"publish","type":"page","link":"https:\/\/www.aclu-ky.org\/es\/investigacion-federal-sobre-los-derechos-civiles-dentro-del-departamento-de-la-policia-de\/","title":{"rendered":"Investigaci\u00f3n federal sobre los derechos civiles dentro del departamento de la polic\u00eda de Louisville (LMPD)"},"content":{"rendered":"<p>Investigaci\u00f3n federal sobre los derechos civiles dentro del departamento de la polic\u00eda de Louisville (LMPD). Lo que usted necesita saber y c\u00f3mo puede ayudar a que el departamento de polic\u00eda rinda cuentas a la comunidad.<br \/>\n<!--more--><\/p>\n<p class=\"alt\">En abril del 2021, los funcionarios federales de derechos civiles iniciaron una investigaci\u00f3n sobre el Departamento de Polic\u00eda Metropolitana de Louisville (LMPD) y el Gobierno Metropolitano de Louisville-Jefferson para determinar si los funcionarios gubernamentales y los agentes del orden violan habitualmente los derechos constitucionales de las personas.<\/p>\n<p>La Divisi\u00f3n de Derechos Civiles del Departamento de Justicia de los Estados Unidos (DOJ) est\u00e1 llevando a cabo esta investigaci\u00f3n. <strong>La investigaci\u00f3n se basar\u00e1 en historias de todo tipo de personas que viven en Louisville.<\/strong><\/p>\n<p>Muchas personas han denunciado la mala conducta de la polic\u00eda a los funcionarios locales que no hicieron nada al respecto. Si bien compartir estas historias puede ser traum\u00e1tico, el DOJ necesita escucharlo para que puedan comprender completamente el papel de LMPD en la comunidad y obligar a LMPD a cambiar. Utilizar\u00e1n todas las herramientas posibles para proteger su privacidad y mantener la confidencialidad.<\/p>\n<h4><strong>Abra los men\u00fas a continuaci\u00f3n para obtener m\u00e1s informaci\u00f3n, participar y ayudar a que LMPD rinda cuentas a las personas.<\/strong><\/h4>\n<hr>\n<p>Haga clic a continuaci\u00f3n para descargar una tarjeta de billetera plegable para compartir esta informaci\u00f3n con amigos y familiares.<\/p>\n<p><a class=\"cta-style-arrow-button\" href=\"https:\/\/www.aclu-ky.org\/app\/uploads\/drupal\/sites\/default\/files\/2021_july_doj_investigation_fold_up_card_spanish_sc.pdf\" target=\"_blank\">Tarjeta de billetera imprimible<\/a><\/p>\n","protected":false},"excerpt":{"rendered":"<p>Investigaci\u00f3n federal sobre los derechos civiles dentro del departamento de la polic\u00eda de Louisville (LMPD). Lo que usted necesita saber y c\u00f3mo puede ayudar a que el departamento de polic\u00eda rinda cuentas a la comunidad.<\/p>\n","protected":false},"author":0,"featured_media":0,"parent":0,"menu_order":0,"comment_status":"closed","ping_status":"closed","template":"","meta":{"_acf_changed":false,"_relevanssi_hide_post":"","_relevanssi_hide_content":"","_relevanssi_pin_for_all":"","_relevanssi_pin_keywords":"","_relevanssi_unpin_keywords":"","_relevanssi_related_keywords":"","_relevanssi_related_include_ids":"","_relevanssi_related_exclude_ids":"","_relevanssi_related_no_append":"","_relevanssi_related_not_related":"","_relevanssi_related_posts":"","_relevanssi_noindex_reason":"","footnotes":""},"class_list":["post-1573","page","type-page","status-publish","hentry"],"acf":{"layout":"default","header-group":{"header-description":"Investigaci\u00f3n federal sobre los derechos civiles dentro del departamento de la polic\u00eda de Louisville (LMPD). Lo que usted necesita saber y c\u00f3mo puede ayudar a que el departamento de polic\u00eda rinda cuentas a la comunidad. \n","show-subnav":false,"hide-from-subnav":false},"components":[{"acf_fc_layout":"text","text":{"text":"En abril del 2021, los funcionarios federales de derechos civiles iniciaron una investigaci\u00f3n sobre el Departamento de Polic\u00eda Metropolitana de Louisville (LMPD) y el Gobierno Metropolitano de Louisville-Jefferson para determinar si los funcionarios gubernamentales y los agentes del orden violan habitualmente los derechos constitucionales de las personas.\n\nLa Divisi\u00f3n de Derechos Civiles del Departamento de Justicia de los Estados Unidos (DOJ) est\u00e1 llevando a cabo esta investigaci\u00f3n. <strong>La investigaci\u00f3n se basar\u00e1 en historias de todo tipo de personas que viven en Louisville.<\/strong>\n\nMuchas personas han denunciado la mala conducta de la polic\u00eda a los funcionarios locales que no hicieron nada al respecto. Si bien compartir estas historias puede ser traum\u00e1tico, el DOJ necesita escucharlo para que puedan comprender completamente el papel de LMPD en la comunidad y obligar a LMPD a cambiar. Utilizar\u00e1n todas las herramientas posibles para proteger su privacidad y mantener la confidencialidad."}},{"acf_fc_layout":"heading","heading":{"":null,"text":"Abra los men\u00fas a continuaci\u00f3n para obtener m\u00e1s informaci\u00f3n, participar y ayudar a que LMPD rinda cuentas a las personas.","anchor":"","sub-heading":"","type":"h4","heading-style":"standard"}},{"acf_fc_layout":"divider","divider":{"divider_type":"hr"}},{"acf_fc_layout":"text","text":{"text":"Haga clic a continuaci\u00f3n para descargar una tarjeta de billetera plegable para compartir esta informaci\u00f3n con amigos y familiares.\n\n<a class=\"cta-style-arrow-button\" href=\"https:\/\/www.aclu-ky.org\/app\/uploads\/drupal\/sites\/default\/files\/2021_july_doj_investigation_fold_up_card_spanish_sc.pdf\" target=\"_blank\">Tarjeta de billetera imprimible<\/a>"}},{"acf_fc_layout":"accordion","accordion":{"turn_on_faq":false,"list_style":true,"accordion-title":"","description":"","accordion-items":[{"title":"\u00bfQu\u00e9 est\u00e1 investigando el DOJ?\n","content":"La investigaci\u00f3n sobre LMPD y el gobierno local es amplia. El DOJ est\u00e1 investigando las pr\u00e1cticas de LMPD para determinar si existe o no un patr\u00f3n de LMPD que viola los derechos constitucionales de las personas. Por ejemplo, el DOJ analizar\u00e1 si LMPD:\n\n\n<ul>\n<li>realiza un uso excesivo de la fuerza<\/li>\n<li>limita las actividades protegidas por la Primera Enmienda, como protestar<\/li>\n<li>discrimina a ciertos grupos de personas<\/li>\n<li>realiza arrestos o detenciones, registros e incautaciones inapropiados<\/li>\n<\/ul>\n","image_video_field_group":{"image_video_options":"image","image_group":{"image":null,"caption":"","credit":"","link-settings":"none","url":""},"video_group":{"video":null,"cover_image":null,"video_orientation":"standard"},"youtube_group":{"oembed-url":"","cover-image":null}}},{"title":"\u00bfCu\u00e1nto tiempo durar\u00e1 la investigaci\u00f3n?\n","content":"A menudo, transcurre m\u00e1s de un a\u00f1o desde que se anuncia una investigaci\u00f3n hasta que se llega a un acuerdo entre el departamento de polic\u00eda y el Departamento de Justicia. El proceso completo tom\u00f3 16 meses en Seattle y 18 meses en Ferguson.\n\n\n","image_video_field_group":{"image_video_options":"image","image_group":{"image":null,"caption":"","credit":"","link-settings":"none","url":""},"video_group":{"video":null,"cover_image":null,"video_orientation":"standard"},"youtube_group":{"oembed-url":"","cover-image":null}}},{"title":"\u00bfQu\u00e9 har\u00e1 la investigaci\u00f3n?\n","content":"El Departamento de Justicia ha investigado solo 72 departamentos de polic\u00eda locales desde que se les otorg\u00f3 esta autoridad en 1994, incluidos los de Baltimore, Nueva Orleans y Ferguson.\n\n\nLa Divisi\u00f3n de Derechos Civiles est\u00e1 pidiendo a las personas que compartan sus historias para que puedan aprender m\u00e1s y obligar a LMPD a cambiar sus pol\u00edticas.\n\n\nSi el DOJ demuestra una mala conducta sist\u00e9mica, pueden obligar a LMPD y al gobierno de Metro Louisville a cambiar. Los funcionarios locales pueden llegar a un acuerdo con el DOJ de forma voluntaria o el DOJ puede acudir a la corte para llegar a un acuerdo&nbsp;ejecutado por la corte.\n\n\n","image_video_field_group":{"image_video_options":"image","image_group":{"image":null,"caption":"","credit":"","link-settings":"none","url":""},"video_group":{"video":null,"cover_image":null,"video_orientation":"standard"},"youtube_group":{"oembed-url":"","cover-image":null}}}]}}],"section":null,"issues":null,"related_content":[4835,2742,4484,6633],"documents":null},"yoast_head":"<!-- This site is optimized with the Yoast SEO plugin v24.9 - https:\/\/yoast.com\/wordpress\/plugins\/seo\/ -->\n<title>Investigaci\u00f3n federal sobre los derechos civiles dentro del departamento de la polic\u00eda de Louisville (LMPD) - ACLU Kentucky<\/title>\n<meta name=\"robots\" content=\"index, follow, max-snippet:-1, max-image-preview:large, max-video-preview:-1\" \/>\n<link rel=\"canonical\" href=\"https:\/\/www.aclu-ky.org\/es\/investigacion-federal-sobre-los-derechos-civiles-dentro-del-departamento-de-la-policia-de\/\" \/>\n<meta property=\"og:locale\" content=\"es_ES\" \/>\n<meta property=\"og:type\" content=\"article\" \/>\n<meta property=\"og:title\" content=\"Investigaci\u00f3n federal sobre los derechos civiles dentro del departamento de la polic\u00eda de Louisville (LMPD) - ACLU Kentucky\" \/>\n<meta property=\"og:description\" content=\"Investigaci\u00f3n federal sobre los derechos civiles dentro del departamento de la polic\u00eda de Louisville (LMPD). Lo que usted necesita saber y c\u00f3mo puede ayudar a que el departamento de polic\u00eda rinda cuentas a la comunidad.\" \/>\n<meta property=\"og:url\" content=\"https:\/\/www.aclu-ky.org\/es\/investigacion-federal-sobre-los-derechos-civiles-dentro-del-departamento-de-la-policia-de\/\" \/>\n<meta property=\"og:site_name\" content=\"ACLU Kentucky\" \/>\n<meta property=\"og:image\" content=\"https:\/\/www.aclu-ky.org\/app\/uploads\/2021\/07\/2021_july_doj_investigation_into_lmpd_web_page_graphics_link_share-scaled.png\" \/>\n\t<meta property=\"og:image:width\" content=\"2560\" \/>\n\t<meta property=\"og:image:height\" content=\"1345\" \/>\n\t<meta property=\"og:image:type\" content=\"image\/png\" \/>\n<meta name=\"twitter:card\" content=\"summary_large_image\" \/>\n<script type=\"application\/ld+json\" class=\"yoast-schema-graph\">{\"@context\":\"https:\/\/schema.org\",\"@graph\":[{\"@type\":\"WebPage\",\"@id\":\"https:\/\/www.aclu-ky.org\/es\/investigacion-federal-sobre-los-derechos-civiles-dentro-del-departamento-de-la-policia-de\/\",\"url\":\"https:\/\/www.aclu-ky.org\/es\/investigacion-federal-sobre-los-derechos-civiles-dentro-del-departamento-de-la-policia-de\/\",\"name\":\"Investigaci\u00f3n federal sobre los derechos civiles dentro del departamento de la polic\u00eda de Louisville (LMPD) - ACLU Kentucky\",\"isPartOf\":{\"@id\":\"https:\/\/www.aclu-ky.org\/#website\"},\"datePublished\":\"2021-07-21T20:00:00+00:00\",\"inLanguage\":\"es-ES\",\"potentialAction\":[{\"@type\":\"ReadAction\",\"target\":[\"https:\/\/www.aclu-ky.org\/es\/investigacion-federal-sobre-los-derechos-civiles-dentro-del-departamento-de-la-policia-de\/\"]}]},{\"@type\":\"WebSite\",\"@id\":\"https:\/\/www.aclu-ky.org\/#website\",\"url\":\"https:\/\/www.aclu-ky.org\/\",\"name\":\"ACLU Affiliate Testing\",\"description\":\"Preserving Liberty in the Commonwealth\",\"potentialAction\":[{\"@type\":\"SearchAction\",\"target\":{\"@type\":\"EntryPoint\",\"urlTemplate\":\"https:\/\/www.aclu-ky.org\/?s={search_term_string}\"},\"query-input\":{\"@type\":\"PropertyValueSpecification\",\"valueRequired\":true,\"valueName\":\"search_term_string\"}}],\"inLanguage\":\"es-ES\"}]}<\/script>\n<!-- \/ Yoast SEO plugin. -->","yoast_head_json":{"title":"Investigaci\u00f3n federal sobre los derechos civiles dentro del departamento de la polic\u00eda de Louisville (LMPD) - ACLU Kentucky","robots":{"index":"index","follow":"follow","max-snippet":"max-snippet:-1","max-image-preview":"max-image-preview:large","max-video-preview":"max-video-preview:-1"},"canonical":"https:\/\/www.aclu-ky.org\/es\/investigacion-federal-sobre-los-derechos-civiles-dentro-del-departamento-de-la-policia-de\/","og_locale":"es_ES","og_type":"article","og_title":"Investigaci\u00f3n federal sobre los derechos civiles dentro del departamento de la polic\u00eda de Louisville (LMPD) - ACLU Kentucky","og_description":"Investigaci\u00f3n federal sobre los derechos civiles dentro del departamento de la polic\u00eda de Louisville (LMPD). Lo que usted necesita saber y c\u00f3mo puede ayudar a que el departamento de polic\u00eda rinda cuentas a la comunidad.","og_url":"https:\/\/www.aclu-ky.org\/es\/investigacion-federal-sobre-los-derechos-civiles-dentro-del-departamento-de-la-policia-de\/","og_site_name":"ACLU Kentucky","og_image":[{"width":2560,"height":1345,"url":"https:\/\/www.aclu-ky.org\/app\/uploads\/2021\/07\/2021_july_doj_investigation_into_lmpd_web_page_graphics_link_share-scaled.png","type":"image\/png"}],"twitter_card":"summary_large_image","schema":{"@context":"https:\/\/schema.org","@graph":[{"@type":"WebPage","@id":"https:\/\/www.aclu-ky.org\/es\/investigacion-federal-sobre-los-derechos-civiles-dentro-del-departamento-de-la-policia-de\/","url":"https:\/\/www.aclu-ky.org\/es\/investigacion-federal-sobre-los-derechos-civiles-dentro-del-departamento-de-la-policia-de\/","name":"Investigaci\u00f3n federal sobre los derechos civiles dentro del departamento de la polic\u00eda de Louisville (LMPD) - ACLU Kentucky","isPartOf":{"@id":"https:\/\/www.aclu-ky.org\/#website"},"datePublished":"2021-07-21T20:00:00+00:00","inLanguage":"es-ES","potentialAction":[{"@type":"ReadAction","target":["https:\/\/www.aclu-ky.org\/es\/investigacion-federal-sobre-los-derechos-civiles-dentro-del-departamento-de-la-policia-de\/"]}]},{"@type":"WebSite","@id":"https:\/\/www.aclu-ky.org\/#website","url":"https:\/\/www.aclu-ky.org\/","name":"ACLU Affiliate Testing","description":"Preserving Liberty in the Commonwealth","potentialAction":[{"@type":"SearchAction","target":{"@type":"EntryPoint","urlTemplate":"https:\/\/www.aclu-ky.org\/?s={search_term_string}"},"query-input":{"@type":"PropertyValueSpecification","valueRequired":true,"valueName":"search_term_string"}}],"inLanguage":"es-ES"}]}},"distributor_meta":false,"distributor_terms":false,"distributor_media":false,"distributor_original_site_name":"ACLU Kentucky","distributor_original_site_url":"https:\/\/www.aclu-ky.org\/es\/","push-errors":false,"_links":{"self":[{"href":"https:\/\/www.aclu-ky.org\/es\/wp-json\/wp\/v2\/pages\/1573","targetHints":{"allow":["GET"]}}],"collection":[{"href":"https:\/\/www.aclu-ky.org\/es\/wp-json\/wp\/v2\/pages"}],"about":[{"href":"https:\/\/www.aclu-ky.org\/es\/wp-json\/wp\/v2\/types\/page"}],"replies":[{"embeddable":true,"href":"https:\/\/www.aclu-ky.org\/es\/wp-json\/wp\/v2\/comments?post=1573"}],"version-history":[{"count":0,"href":"https:\/\/www.aclu-ky.org\/es\/wp-json\/wp\/v2\/pages\/1573\/revisions"}],"acf:post":[{"embeddable":true,"href":"https:\/\/www.aclu-ky.org\/es\/wp-json\/wp\/v2\/posts\/6633"},{"embeddable":true,"href":"https:\/\/www.aclu-ky.org\/es\/wp-json\/wp\/v2\/pages\/4484"},{"embeddable":true,"href":"https:\/\/www.aclu-ky.org\/es\/wp-json\/wp\/v2\/case\/2742"},{"embeddable":true,"href":"https:\/\/www.aclu-ky.org\/es\/wp-json\/wp\/v2\/press_release\/4835"}],"wp:attachment":[{"href":"https:\/\/www.aclu-ky.org\/es\/wp-json\/wp\/v2\/media?parent=1573"}],"curies":[{"name":"wp","href":"https:\/\/api.w.org\/{rel}","templated":true}]}}