{"id":1649,"date":"2024-02-11T13:00:00","date_gmt":"2024-02-11T18:00:00","guid":{"rendered":"https:\/\/www.aclu-ky.org\/2024-oportunidad-urgente-para-levantar-ordenes-judiciales-de-arresto-en-el-condado-de-jefferson\/"},"modified":"2024-02-11T13:00:00","modified_gmt":"2024-02-11T18:00:00","slug":"2024-oportunidad-urgente-para-levantar-ordenes-judiciales-de-arresto-en-el-condado-de-jefferson","status":"publish","type":"page","link":"https:\/\/www.aclu-ky.org\/es\/2024-oportunidad-urgente-para-levantar-ordenes-judiciales-de-arresto-en-el-condado-de-jefferson\/","title":{"rendered":"2024 Oportunidad Urgente Para Levantar Ordenes Judiciales de Arresto en el Condado de Jefferson"},"content":{"rendered":"<p>\u00bfTiene pendiente una orden judicial de arresto? \u00a1Se la pueden quitar! El Fiscal del Condado de Jefferson est\u00e1 ofreciendo un periodo de amnist\u00eda para que las personas que tengan pendiente una orden judicial de arresto tengan la oportunidad de levantar la orden y reprogramar su caso.<br \/>\n<!--more--><\/p>\n<h2>\u00bfTiene pendiente una orden judicial de arresto? \u00a1Se la pueden quitar! El Fiscal del Condado de Jefferson est\u00e1 ofreciendo un periodo de amnist\u00eda para que las personas que tengan pendiente una orden judicial de arresto tengan la oportunidad de levantar la orden y reprogramar su caso. La fecha l\u00edmite para aplicar es el 2 de febrero de 2024.&nbsp;<\/h2>\n<p>La Oficina del Fiscal del Condado de Jefferson ha programado un registro o agenda de amnist\u00eda. Esto significa que los habitantes de Kentucky con una orden de arresto (una orden de arresto emitida por el juez), la mayor\u00eda de las veces recibida por no presentarse ante la corte, pueden aplicar para que se les retire su orden de arresto y reprogramen su caso. La fecha l\u00edmite para aplicar a esta amnist\u00eda es el martes 2 de febrero de 2024. Las fechas para las audiencias de amnist\u00eda son el 9 de febrero a la 1PM ET, el 10 de febrero a la 2PM ET, y el 12 de febrero a la 1PM ET (hora local).<\/p>\n<h3>\u00bfQu\u00e9 significa \"reagendar\u201d (\u201credocket\")?<\/h3>\n<p>La agenda (docket) es la lista de casos que est\u00e1n por escucharse en la corte. Para la amnist\u00eda, una persona con una orden de arresto pendiente puede solicitar que su caso sea incluido en la agenda y su orden de arresto sea retirada, lo que significa que no ser\u00e1 arrestada por no presentarse ante la corte.<\/p>\n<h3>\u00bfQui\u00e9n es elegible?<\/h3>\n<p>Residentes de Kentucky con una orden de arresto de la Corte Distrital del Condado de Jefferson por delitos menores no violentos y delitos graves no violentos de clase D. Todas las personas con este tipo de orden judicial del condado de Jefferson son elegibles, vivan o no en el condado de Jefferson.<\/p>\n<h3>\u00bfC\u00f3mo aplico?<\/h3>\n<p>Seleccione el enlace de abajo para presentar una solicitud o visite: <a href=\"https:\/\/www.louisvilleprosecutors.org\/redocket\" target=\"_blank\">LouisvilleProsecutors.org\/Redocket<\/a> para aplicar.<\/p>\n<p><a class=\"cta-style-arrow-button\" href=\"https:\/\/www.louisvilleprosecutors.org\/redocket\" target=\"_blank\">APLICAR<\/a><\/p>\n<p>\u00bfPreguntas? Llame al <a href=\"tel:502-272-0056\">502-272-0056<\/a>.&nbsp;<\/p>\n<h3>\u00bfTiene alg\u00fan costo aplicar a la amnist\u00eda?<\/h3>\n<p>No hay ning\u00fan costo asociado con su aplicaci\u00f3n para la agenda de amnist\u00eda. Sin embargo, podr\u00edan haber costos relacionados con la restituci\u00f3n, multas u honorarios en su caso. Consulte arriba para obtener m\u00e1s informaci\u00f3n sobre la asistencia para pagar la restituci\u00f3n, multas y otros costos.<\/p>\n<h3>\u00bfNecesito una identificaci\u00f3n emitida por el estado?<\/h3>\n<p>No, no necesita una identificaci\u00f3n para volverse a registrar o comparecer ante la corte.&nbsp;<\/p>\n<h3>\u00bfPuedo llevar a mis hijos?<\/h3>\n<p>El cuidado de ni\u00f1os no es disponible para las comparecencias ante la corte.<\/p>\n<hr>\n<p>Retirar las \u00f3rdenes de arresto y dar a las personas la oportunidad de cerrar sus casos reducir\u00e1 el encarcelamiento y salvar\u00e1 vidas. Las \u00f3rdenes de arresto generalmente se emiten despu\u00e9s de que una persona no se presenta a una comparecencia programada en la corte o no paga multas, tarifas o restituci\u00f3n. Muchas personas pierden las citas en la corte debido a las barreras de transporte, cuidado de ni\u00f1os, tiempo libre en el trabajo y m\u00e1s. Cuando una persona tiene pendiente una orden de arresto, la polic\u00eda est\u00e1 autorizada a arrestarlos si entran en contacto con la persona. Eso significa que ser detenido por exceso de velocidad podr\u00eda conllevar a un arresto y encarcelamiento.<\/p>\n<p>A nivel personal, este per\u00edodo de amnist\u00eda permitir\u00e1 a las personas con ciertas \u00f3rdenes de arresto pendientes reprogramar sus audiencias y cerrar su caso. Esto les permitir\u00e1 vivir sin la amenaza de arresto inmediato si entran en contacto con la polic\u00eda. A mayor escala, la aprobaci\u00f3n de estas \u00f3rdenes de arresto reducir\u00e1 las tasas de encarcelamiento y aliviar\u00e1 el hacinamiento mortal en las c\u00e1rceles administradas por el Departamento Correccional de Louisville Metro.<\/p>\n","protected":false},"excerpt":{"rendered":"<p>\u00bfTiene pendiente una orden judicial de arresto? \u00a1Se la pueden quitar! El Fiscal del Condado de Jefferson est\u00e1 ofreciendo un periodo de amnist\u00eda para que las personas que tengan pendiente una orden judicial de arresto tengan la oportunidad de levantar la orden y reprogramar su caso.<\/p>\n","protected":false},"author":21,"featured_media":0,"parent":0,"menu_order":0,"comment_status":"closed","ping_status":"closed","template":"","meta":{"_acf_changed":false,"_relevanssi_hide_post":"","_relevanssi_hide_content":"","_relevanssi_pin_for_all":"","_relevanssi_pin_keywords":"","_relevanssi_unpin_keywords":"","_relevanssi_related_keywords":"","_relevanssi_related_include_ids":"","_relevanssi_related_exclude_ids":"","_relevanssi_related_no_append":"","_relevanssi_related_not_related":"","_relevanssi_related_posts":"","_relevanssi_noindex_reason":"","footnotes":""},"class_list":["post-1649","page","type-page","status-publish","hentry"],"acf":{"layout":"default","header-group":{"header-description":"\u00bfTiene pendiente una orden judicial de arresto? \u00a1Se la pueden quitar! El Fiscal del Condado de Jefferson est\u00e1 ofreciendo un periodo de amnist\u00eda para que las personas que tengan pendiente una orden judicial de arresto tengan la oportunidad de levantar la orden y reprogramar su caso.\n","show-subnav":false,"hide-from-subnav":false},"components":[{"acf_fc_layout":"heading","heading":{"":null,"text":"\u00bfTiene pendiente una orden judicial de arresto? \u00a1Se la pueden quitar! El Fiscal del Condado de Jefferson est\u00e1 ofreciendo un periodo de amnist\u00eda para que las personas que tengan pendiente una orden judicial de arresto tengan la oportunidad de levantar la orden y reprogramar su caso. La fecha l\u00edmite para aplicar es el 2 de febrero de 2024.\u00a0","anchor":"","sub-heading":"","type":"h2","heading-style":"standard"}},{"acf_fc_layout":"text","text":{"text":"La Oficina del Fiscal del Condado de Jefferson ha programado un registro o agenda de amnist\u00eda. Esto significa que los habitantes de Kentucky con una orden de arresto (una orden de arresto emitida por el juez), la mayor\u00eda de las veces recibida por no presentarse ante la corte, pueden aplicar para que se les retire su orden de arresto y reprogramen su caso. La fecha l\u00edmite para aplicar a esta amnist\u00eda es el martes 2 de febrero de 2024. Las fechas para las audiencias de amnist\u00eda son el 9 de febrero a la 1PM ET, el 10 de febrero a la 2PM ET, y el 12 de febrero a la 1PM ET (hora local)."}},{"acf_fc_layout":"heading","heading":{"":null,"text":"\u00bfQu\u00e9 significa \"reagendar\u201d (\u201credocket\")?","anchor":"","sub-heading":"","type":"h3","heading-style":"standard"}},{"acf_fc_layout":"text","text":{"text":"La agenda (docket) es la lista de casos que est\u00e1n por escucharse en la corte. Para la amnist\u00eda, una persona con una orden de arresto pendiente puede solicitar que su caso sea incluido en la agenda y su orden de arresto sea retirada, lo que significa que no ser\u00e1 arrestada por no presentarse ante la corte."}},{"acf_fc_layout":"heading","heading":{"":null,"text":"\u00bfQui\u00e9n es elegible?","anchor":"","sub-heading":"","type":"h3","heading-style":"standard"}},{"acf_fc_layout":"text","text":{"text":"Residentes de Kentucky con una orden de arresto de la Corte Distrital del Condado de Jefferson por delitos menores no violentos y delitos graves no violentos de clase D. Todas las personas con este tipo de orden judicial del condado de Jefferson son elegibles, vivan o no en el condado de Jefferson."}},{"acf_fc_layout":"heading","heading":{"":null,"text":"\u00bfC\u00f3mo aplico?","anchor":"","sub-heading":"","type":"h3","heading-style":"standard"}},{"acf_fc_layout":"text","text":{"text":"Seleccione el enlace de abajo para presentar una solicitud o visite: <a href=\"https:\/\/www.louisvilleprosecutors.org\/redocket\" target=\"_blank\">LouisvilleProsecutors.org\/Redocket<\/a> para aplicar.\n\n<a class=\"cta-style-arrow-button\" href=\"https:\/\/www.louisvilleprosecutors.org\/redocket\" target=\"_blank\">APLICAR<\/a>\n\n\u00bfPreguntas? Llame al <a href=\"502-272-0056\">502-272-0056<\/a>. "}},{"acf_fc_layout":"heading","heading":{"":null,"text":"\u00bfTiene alg\u00fan costo aplicar a la amnist\u00eda?","anchor":"","sub-heading":"","type":"h3","heading-style":"standard"}},{"acf_fc_layout":"text","text":{"text":"No hay ning\u00fan costo asociado con su aplicaci\u00f3n para la agenda de amnist\u00eda. Sin embargo, podr\u00edan haber costos relacionados con la restituci\u00f3n, multas u honorarios en su caso. Consulte arriba para obtener m\u00e1s informaci\u00f3n sobre la asistencia para pagar la restituci\u00f3n, multas y otros costos."}},{"acf_fc_layout":"heading","heading":{"":null,"text":"\u00bfNecesito una identificaci\u00f3n emitida por el estado?","anchor":"","sub-heading":"","type":"h3","heading-style":"standard"}},{"acf_fc_layout":"text","text":{"text":"No, no necesita una identificaci\u00f3n para volverse a registrar o comparecer ante la corte. "}},{"acf_fc_layout":"heading","heading":{"":null,"text":"\u00bfPuedo llevar a mis hijos?","anchor":"","sub-heading":"","type":"h3","heading-style":"standard"}},{"acf_fc_layout":"text","text":{"text":"El cuidado de ni\u00f1os no es disponible para las comparecencias ante la corte."}},{"acf_fc_layout":"divider","divider":{"divider_type":"hr"}},{"acf_fc_layout":"text","text":{"text":"Retirar las \u00f3rdenes de arresto y dar a las personas la oportunidad de cerrar sus casos reducir\u00e1 el encarcelamiento y salvar\u00e1 vidas. Las \u00f3rdenes de arresto generalmente se emiten despu\u00e9s de que una persona no se presenta a una comparecencia programada en la corte o no paga multas, tarifas o restituci\u00f3n. Muchas personas pierden las citas en la corte debido a las barreras de transporte, cuidado de ni\u00f1os, tiempo libre en el trabajo y m\u00e1s. Cuando una persona tiene pendiente una orden de arresto, la polic\u00eda est\u00e1 autorizada a arrestarlos si entran en contacto con la persona. Eso significa que ser detenido por exceso de velocidad podr\u00eda conllevar a un arresto y encarcelamiento.\n\nA nivel personal, este per\u00edodo de amnist\u00eda permitir\u00e1 a las personas con ciertas \u00f3rdenes de arresto pendientes reprogramar sus audiencias y cerrar su caso. Esto les permitir\u00e1 vivir sin la amenaza de arresto inmediato si entran en contacto con la polic\u00eda. A mayor escala, la aprobaci\u00f3n de estas \u00f3rdenes de arresto reducir\u00e1 las tasas de encarcelamiento y aliviar\u00e1 el hacinamiento mortal en las c\u00e1rceles administradas por el Departamento Correccional de Louisville Metro."}}],"section":null,"issues":[4022,4043],"related_content":[6531,4793,3690,4694,6456,6498],"documents":null},"yoast_head":"<!-- This site is optimized with the Yoast SEO plugin v24.9 - https:\/\/yoast.com\/wordpress\/plugins\/seo\/ -->\n<title>2024 Oportunidad Urgente Para Levantar Ordenes Judiciales de Arresto en el Condado de Jefferson - ACLU Kentucky<\/title>\n<meta name=\"robots\" content=\"index, follow, max-snippet:-1, max-image-preview:large, max-video-preview:-1\" \/>\n<link rel=\"canonical\" href=\"https:\/\/www.aclu-ky.org\/es\/2024-oportunidad-urgente-para-levantar-ordenes-judiciales-de-arresto-en-el-condado-de-jefferson\/\" \/>\n<meta property=\"og:locale\" content=\"es_ES\" \/>\n<meta property=\"og:type\" content=\"article\" \/>\n<meta property=\"og:title\" content=\"2024 Oportunidad Urgente Para Levantar Ordenes Judiciales de Arresto en el Condado de Jefferson - ACLU Kentucky\" \/>\n<meta property=\"og:description\" content=\"\u00bfTiene pendiente una orden judicial de arresto? \u00a1Se la pueden quitar! El Fiscal del Condado de Jefferson est\u00e1 ofreciendo un periodo de amnist\u00eda para que las personas que tengan pendiente una orden judicial de arresto tengan la oportunidad de levantar la orden y reprogramar su caso.\" \/>\n<meta property=\"og:url\" content=\"https:\/\/www.aclu-ky.org\/es\/2024-oportunidad-urgente-para-levantar-ordenes-judiciales-de-arresto-en-el-condado-de-jefferson\/\" \/>\n<meta property=\"og:site_name\" content=\"ACLU Kentucky\" \/>\n<meta property=\"og:image\" content=\"https:\/\/www.aclu-ky.org\/app\/uploads\/2024\/01\/amnesty_link_share_graphic.png\" \/>\n\t<meta property=\"og:image:width\" content=\"2396\" \/>\n\t<meta property=\"og:image:height\" content=\"2065\" \/>\n\t<meta property=\"og:image:type\" content=\"image\/png\" \/>\n<meta name=\"twitter:card\" content=\"summary_large_image\" \/>\n<script type=\"application\/ld+json\" class=\"yoast-schema-graph\">{\"@context\":\"https:\/\/schema.org\",\"@graph\":[{\"@type\":\"WebPage\",\"@id\":\"https:\/\/www.aclu-ky.org\/es\/2024-oportunidad-urgente-para-levantar-ordenes-judiciales-de-arresto-en-el-condado-de-jefferson\/\",\"url\":\"https:\/\/www.aclu-ky.org\/es\/2024-oportunidad-urgente-para-levantar-ordenes-judiciales-de-arresto-en-el-condado-de-jefferson\/\",\"name\":\"2024 Oportunidad Urgente Para Levantar Ordenes Judiciales de Arresto en el Condado de Jefferson - ACLU Kentucky\",\"isPartOf\":{\"@id\":\"https:\/\/www.aclu-ky.org\/#website\"},\"datePublished\":\"2024-02-11T18:00:00+00:00\",\"inLanguage\":\"es-ES\",\"potentialAction\":[{\"@type\":\"ReadAction\",\"target\":[\"https:\/\/www.aclu-ky.org\/es\/2024-oportunidad-urgente-para-levantar-ordenes-judiciales-de-arresto-en-el-condado-de-jefferson\/\"]}]},{\"@type\":\"WebSite\",\"@id\":\"https:\/\/www.aclu-ky.org\/#website\",\"url\":\"https:\/\/www.aclu-ky.org\/\",\"name\":\"ACLU Affiliate Testing\",\"description\":\"Preserving Liberty in the Commonwealth\",\"potentialAction\":[{\"@type\":\"SearchAction\",\"target\":{\"@type\":\"EntryPoint\",\"urlTemplate\":\"https:\/\/www.aclu-ky.org\/?s={search_term_string}\"},\"query-input\":{\"@type\":\"PropertyValueSpecification\",\"valueRequired\":true,\"valueName\":\"search_term_string\"}}],\"inLanguage\":\"es-ES\"}]}<\/script>\n<!-- \/ Yoast SEO plugin. -->","yoast_head_json":{"title":"2024 Oportunidad Urgente Para Levantar Ordenes Judiciales de Arresto en el Condado de Jefferson - ACLU Kentucky","robots":{"index":"index","follow":"follow","max-snippet":"max-snippet:-1","max-image-preview":"max-image-preview:large","max-video-preview":"max-video-preview:-1"},"canonical":"https:\/\/www.aclu-ky.org\/es\/2024-oportunidad-urgente-para-levantar-ordenes-judiciales-de-arresto-en-el-condado-de-jefferson\/","og_locale":"es_ES","og_type":"article","og_title":"2024 Oportunidad Urgente Para Levantar Ordenes Judiciales de Arresto en el Condado de Jefferson - ACLU Kentucky","og_description":"\u00bfTiene pendiente una orden judicial de arresto? \u00a1Se la pueden quitar! El Fiscal del Condado de Jefferson est\u00e1 ofreciendo un periodo de amnist\u00eda para que las personas que tengan pendiente una orden judicial de arresto tengan la oportunidad de levantar la orden y reprogramar su caso.","og_url":"https:\/\/www.aclu-ky.org\/es\/2024-oportunidad-urgente-para-levantar-ordenes-judiciales-de-arresto-en-el-condado-de-jefferson\/","og_site_name":"ACLU Kentucky","og_image":[{"width":2396,"height":2065,"url":"https:\/\/www.aclu-ky.org\/app\/uploads\/2024\/01\/amnesty_link_share_graphic.png","type":"image\/png"}],"twitter_card":"summary_large_image","schema":{"@context":"https:\/\/schema.org","@graph":[{"@type":"WebPage","@id":"https:\/\/www.aclu-ky.org\/es\/2024-oportunidad-urgente-para-levantar-ordenes-judiciales-de-arresto-en-el-condado-de-jefferson\/","url":"https:\/\/www.aclu-ky.org\/es\/2024-oportunidad-urgente-para-levantar-ordenes-judiciales-de-arresto-en-el-condado-de-jefferson\/","name":"2024 Oportunidad Urgente Para Levantar Ordenes Judiciales de Arresto en el Condado de Jefferson - ACLU Kentucky","isPartOf":{"@id":"https:\/\/www.aclu-ky.org\/#website"},"datePublished":"2024-02-11T18:00:00+00:00","inLanguage":"es-ES","potentialAction":[{"@type":"ReadAction","target":["https:\/\/www.aclu-ky.org\/es\/2024-oportunidad-urgente-para-levantar-ordenes-judiciales-de-arresto-en-el-condado-de-jefferson\/"]}]},{"@type":"WebSite","@id":"https:\/\/www.aclu-ky.org\/#website","url":"https:\/\/www.aclu-ky.org\/","name":"ACLU Affiliate Testing","description":"Preserving Liberty in the Commonwealth","potentialAction":[{"@type":"SearchAction","target":{"@type":"EntryPoint","urlTemplate":"https:\/\/www.aclu-ky.org\/?s={search_term_string}"},"query-input":{"@type":"PropertyValueSpecification","valueRequired":true,"valueName":"search_term_string"}}],"inLanguage":"es-ES"}]}},"distributor_meta":false,"distributor_terms":false,"distributor_media":false,"distributor_original_site_name":"ACLU Kentucky","distributor_original_site_url":"https:\/\/www.aclu-ky.org\/es\/","push-errors":false,"_links":{"self":[{"href":"https:\/\/www.aclu-ky.org\/es\/wp-json\/wp\/v2\/pages\/1649","targetHints":{"allow":["GET"]}}],"collection":[{"href":"https:\/\/www.aclu-ky.org\/es\/wp-json\/wp\/v2\/pages"}],"about":[{"href":"https:\/\/www.aclu-ky.org\/es\/wp-json\/wp\/v2\/types\/page"}],"author":[{"embeddable":true,"href":"https:\/\/www.aclu-ky.org\/es\/wp-json\/wp\/v2\/users\/21"}],"replies":[{"embeddable":true,"href":"https:\/\/www.aclu-ky.org\/es\/wp-json\/wp\/v2\/comments?post=1649"}],"version-history":[{"count":0,"href":"https:\/\/www.aclu-ky.org\/es\/wp-json\/wp\/v2\/pages\/1649\/revisions"}],"acf:post":[{"embeddable":true,"href":"https:\/\/www.aclu-ky.org\/es\/wp-json\/wp\/v2\/posts\/6498"},{"embeddable":true,"href":"https:\/\/www.aclu-ky.org\/es\/wp-json\/wp\/v2\/posts\/6456"},{"embeddable":true,"href":"https:\/\/www.aclu-ky.org\/es\/wp-json\/wp\/v2\/press_release\/4694"},{"embeddable":true,"href":"https:\/\/www.aclu-ky.org\/es\/wp-json\/wp\/v2\/events\/3690"},{"embeddable":true,"href":"https:\/\/www.aclu-ky.org\/es\/wp-json\/wp\/v2\/press_release\/4793"},{"embeddable":true,"href":"https:\/\/www.aclu-ky.org\/es\/wp-json\/wp\/v2\/posts\/6531"},{"embeddable":true,"href":"https:\/\/www.aclu-ky.org\/es\/wp-json\/wp\/v2\/issue\/4043"},{"embeddable":true,"href":"https:\/\/www.aclu-ky.org\/es\/wp-json\/wp\/v2\/issue\/4022"}],"wp:attachment":[{"href":"https:\/\/www.aclu-ky.org\/es\/wp-json\/wp\/v2\/media?parent=1649"}],"curies":[{"name":"wp","href":"https:\/\/api.w.org\/{rel}","templated":true}]}}